
	{"id":190,"date":"2021-04-02T09:48:50","date_gmt":"2021-04-02T07:48:50","guid":{"rendered":"https:\/\/wordpress.clerc-et-net.com\/?page_id=190"},"modified":"2021-05-06T10:29:47","modified_gmt":"2021-05-06T08:29:47","slug":"prestations","status":"publish","type":"page","link":"https:\/\/wordpress.clerc-et-net.com\/index.php\/prestations\/","title":{"rendered":"Prestations"},"content":{"rendered":"\n<section class=\"section_top bg_bleu\">\n\t<div class=\"mypage\">\n\t\t<div class=\"fondu_top col margin_auto padding\">\n\t\t\t<h1>Nos prestations<\/h1>\n\t\t\t<div class=\"col1-3 w50-1000\">\n\t\t\t\t<p class=\"chapo\">Nous r\u00e9alisons des <strong>sites adapt\u00e9s<\/strong> \u00e0 la demande.<br>Les <strong>maquettes<\/strong> et la <strong>navigation<\/strong> de votre site serons personnalis\u00e9es pour que vous puissiez vous approprier votre site internet.<\/p>\n\t\t\t<\/div>\n\t\t<\/div>\n\t\t<div class=\"clear\"><\/div>\n\t<\/div>\n<\/section>\n\n<section class=\"section bg_bleu\">\n\t<div class=\"mypage\">\n<div class=\"flexParent flex_center_center\">\n\t\t\t<div class=\"col1-2 padding\">\n\t\t\t\t<img class=\"presta_img float_right\" src=\"https:\/\/wordpress.clerc-et-net.com\/wp-content\/uploads\/2021\/04\/picto-one-page.png\" title=\"Site One Page\" alt=\"Site One Page\">\n\t\t\t<\/div>\n\t\t\t<div class=\"col1-2 padding\">\n\t\t\t\t<h2 class=\"maj\">Site One Page<\/h2>\n\t\t\t\t<div>\n\t\t\t\t\t<p>Un site vitrine <b>simple et direct<\/b> pour pr\u00e9senter votre entreprise. Une <b>page web unique<\/b> pour pr\u00e9senter votre entreprise, votre service, votre image.<\/p>\n\t\t\t\t\t<p><b>Public concern\u00e9<\/b>&nbsp;: artisans, commer\u00e7ants, associations, particuliers, petits budgets&#8230;\n<\/p>\n\t\t\t\t<\/div>\n\t\t\t\t<a class=\"btn_defaut btn_defaut_blanc\" title=\"Voir nos r\u00e9f\u00e9rences\" href=\"#\"><span>Voir nos r\u00e9f\u00e9rences<\/span><\/a>\n\t\t\t<\/div>\n\t\t<\/div>\n\n<div class=\"flexParent flex_center_center column-reverse-620\">\n\t\t\t<div class=\"col1-2 align_right left-620 padding\">\n\t\t\t\t<h2 class=\"maj\">Site vitrine<\/h2>\n\t\t\t\t<div>\n\t\t\t\t\t<p>Un site internet <b>dynamique<\/b>, pour pr\u00e9senter une <b>vitrine<\/b> de votre activit\u00e9 sur internet.<\/p>\n\t\t\t\t\t<p>Vous faites vous-m\u00eame vos <b>mises \u00e0 jour<\/b> et modifications (actualit\u00e9s, r\u00e9alisations, nouveaux produits, offres sp\u00e9ciales, &#8230;), via un <b>BACK OFFICE<\/b> tr\u00e8s simple d&rsquo;utilisation, <b>adapt\u00e9 \u00e0 vos besoins<\/b>.<br>Notre principe&nbsp;: <b>Adapter l&rsquo;outil<\/b> \u00e0 l&rsquo;utilisateur et non l&rsquo;inverse. <b>Public concern\u00e9<\/b>&nbsp;: PME \/ PMI, institutions, industries, professionnels du tourisme&#8230;<\/p>\n\t\t\t\t<\/div>\n\t\t\t\t<a class=\"btn_defaut btn_defaut_blanc\" title=\"voir nos r\u00e9f\u00e9rences\" href=\"#\"><span>Voir nos r\u00e9f\u00e9rences<\/span><\/a>\n\t\t\t<\/div>\n\t\t\t<div class=\"col1-2 padding\">\n\t\t\t\t<img class=\"presta_img float_left\" src=\"https:\/\/wordpress.clerc-et-net.com\/wp-content\/uploads\/2021\/04\/picto-site-vitrine.png\" title=\"Site vitrine\" alt=\"Site vitrine\">\n\t\t\t<\/div>\n\t\t<\/div>\n\n<div class=\"flexParent flex_center_center\">\n\t\t\t<div class=\"col1-2 padding\">\n\t\t\t\t<img class=\"presta_img float_right\" src=\"https:\/\/wordpress.clerc-et-net.com\/wp-content\/uploads\/2021\/04\/picto-site-e-commerce.png\" title=\"Site e-commerce\" alt=\"Site e-commerce\">\n\t\t\t<\/div>\n\t\t\t<div class=\"col1-2 padding\">\n\t\t\t\t<h2 class=\"maj\">Site e-commerce<\/h2>\n\t\t\t\t<div>\n\t\t\t\t\t<p>Votre <b>boutique<\/b> sur internet<\/p>\n\t\t\t\t\t<p>Les sites e-commerce vous permettent de <b>vendre vos produits<\/b> sur internet. Notre <b>BACK-OFFICE<\/b> comprend tous les modules n\u00e9cessaires \u00e0 la vente en ligne&nbsp;: <b>paiement s\u00e9curis\u00e9<\/b>, mise \u00e0 jour du <b>catalogue<\/b> et des prix, gestion de <b>stocks<\/b>, <b>offres sp\u00e9ciales<\/b>, commandes, exp\u00e9ditions et retours, clients, factures, parrainages, points de fidelit\u00e9, etc<\/p>\n\t\t\t\t<\/div>\n\t\t\t\t<a class=\"btn_defaut btn_defaut_blanc\" title=\"Voir nos r\u00e9f\u00e9rences\" href=\"#\"><span>Voir nos r\u00e9f\u00e9rences<\/span><\/a>\n\t\t\t<\/div>\n\t\t<\/div>\n\n<div class=\"flexParent flex_center_center column-reverse-620\">\n\t\t\t<div class=\"col1-2 align_right left-620 padding\">\n\t\t\t\t<h2 class=\"maj\">Application Web<\/h2>\n\t\t\t\t<div>\n\t\t\t\t\t<p><b>Public concern\u00e9<\/b>&nbsp;: commer\u00e7ants, artistes, souhaitant vendre par correspondance.<\/p>\n\t\t\t\t\t<p> Nous r\u00e9alisons des <b>SGBD<\/b> adapt\u00e9s \u00e0 des <b>besoins<\/b> et des utilisations sp\u00e9cifiques. Ces <b>applications web<\/b> permettent \u00e0 un ou plusieurs utilisateurs de <b>g\u00e9rer une base de donn\u00e9es<\/b> en ligne de mani\u00e8re <b>s\u00e9curis\u00e9e<\/b>. Annuaire <b>interactif<\/b>, outil de <b>gestion<\/b> des cong\u00e9s de vos salari\u00e9s, <b>extranet<\/b>, tableau de prospection partag\u00e9, les possibilit\u00e9s sont infinies, n&rsquo;h\u00e9sitez pas \u00e0 nous demander <b>conseil<\/b>.<\/p>\n\t\t\t\t<\/div>\n\t\t\t\t<a class=\"btn_defaut btn_defaut_blanc\" title=\"voir nos r\u00e9f\u00e9rences\" href=\"#\"><span>Voir nos r\u00e9f\u00e9rences<\/span><\/a>\n\t\t\t<\/div>\n\t\t\t<div class=\"col1-2 padding\">\n\t\t\t\t<img class=\"presta_img float_left\" src=\"https:\/\/wordpress.clerc-et-net.com\/wp-content\/uploads\/2021\/04\/picto-application-web.png\" title=\"Application Web\" alt=\"Application Web\">\n\t\t\t<\/div>\n\t\t<\/div>\n\n\t<div class=\"flexParent flex_center_center\">\n\t\t\t<div class=\"col1-2 padding\">\n\t\t\t\t<img class=\"presta_img float_right\" src=\"https:\/\/wordpress.clerc-et-net.com\/wp-content\/uploads\/2021\/04\/picto-seo-referencement.png\" title=\"SEO \/ R\u00e9f\u00e9rencement naturel\" alt=\"SEO \/ R\u00e9f\u00e9rencement naturel\">\n\t\t\t<\/div>\n\t\t\t<div class=\"col1-2 padding\">\n\t\t\t\t<h2 class=\"maj\">SEO \/ R\u00e9f\u00e9rencement naturel<\/h2>\n\t\t\t\t<div>\n\t\t\t\t\t<p>Nous vous conseillons sur une <b>strat\u00e9gie digitale<\/b> adapt\u00e9e \u00e0 votre activit\u00e9. Nous installons les <b>outils de gestion<\/b> et de <b>tracking<\/b> qui permettront de mener les <b>campagnes marketing<\/b> avec efficacit\u00e9 (Facebook Ads, Google Ads, Google Shopping). Nous assurons le <b>suivi<\/b> et <b>reporting<\/b>. <\/p>\n\t\t\t\t<\/div>\n\t\t\t\t<a class=\"btn_defaut btn_defaut_blanc\" title=\"Voir nos r\u00e9f\u00e9rences\" href=\"#\"><span>Voir nos r\u00e9f\u00e9rences<\/span><\/a>\n\t\t\t<\/div>\n\t\t<\/div>\n\n<div class=\"flexParent flex_center_center column-reverse-620\">\n\t\t\t<div class=\"col1-2 align_right left-620 padding\">\n\t\t\t\t<h2 class=\"maj\">E-marketing<\/h2>\n\t\t\t\t<div>\n\t\t\t\t\t<p>Nous r\u00e9alisons des <b>audits techniques<\/b> et <b>s\u00e9mantiques<\/b> cibl\u00e9s pour optimiser le <b>r\u00e9f\u00e9rencement naturel<\/b> de votre site. Ces prestations peuvent \u00eatre r\u00e9alis\u00e9es pour votre <b>site existant<\/b> ou <b>int\u00e9gr\u00e9es \u00e0 la cr\u00e9ation<\/b> du projet que vous nous confiez.<\/p>\n\t\t\t\t<\/div>\n\t\t\t\t<a class=\"btn_defaut btn_defaut_blanc\" title=\"Voir nos r\u00e9f\u00e9rences\" href=\"#\"><span>Voir nos r\u00e9f\u00e9rences<\/span><\/a>\n\t\t\t<\/div>\n\t\t\t<div class=\"col1-2 padding\">\n\t\t\t\t<img class=\"presta_img float_left\" src=\"https:\/\/wordpress.clerc-et-net.com\/wp-content\/uploads\/2021\/04\/picto-e-marketing.png\" title=\"E-marketing\" alt=\"E-marketing\">\n\t\t\t<\/div>\n\t\t<\/div>\n\t<\/div>\n<\/section>\n\n\n<section class=\"section bg_bleu\">\n\t<div class=\"mypage\">\n\t\t<div class=\"col margin_auto padding\">\n\t\t\t<h1>M\u00e9thodologie<\/h1>\n\t\t\t<div class=\"col1-3 w50-1000\">\n\t\t\t\t<p class=\"chapo\"><b>Pas \u00e0 pas<\/b>, votre site internet se construit, et vous en maitrisez chaque <b>\u00e9tape<\/b> en validant les propositions.<\/p>\n\t\t\t<\/div>\n\t\t<\/div>\n\t\t<div class=\"clear\"><\/div>\n<div class=\"flexParent\">\n\t\t\t<div class=\"col1-3 w50-1000 padding\">\n\t\t\t\t<h3 class=\"maj\">1 &#8211; Vous comprendre pour mieux vous faire comprendre<\/h3>\n\t\t\t\t<br>\n\t\t\t\t<p>Nous partons du principe que vous \u00eates <b>unique<\/b>. Pour cr\u00e9er votre site nous avons donc besoin de <b>comprendre qui vous \u00eates<\/b>, ce que vous faites, ainsi que le <b>sens de votre d\u00e9marche<\/b>.<\/p>\n\t\t\t<\/div>\n<div class=\"col1-3 w50-1000 padding\">\n\t\t\t\t<h3 class=\"maj\">2 &#8211; Navigation ergonomique et graphisme soign\u00e9<\/h3>\n\t\t\t\t<br>\n\t\t\t\t<p>Nous travaillons le <b>graphisme web<\/b> et l&rsquo;<b>ergonomie<\/b> pour votre site soit <b>facile<\/b> \u00e0 utiliser, <b>rapide<\/b> \u00e0 comprendre, <b>agr\u00e9able<\/b> \u00e0 regarder. Les maquettes que nous r\u00e9alisons sont toutes <b>personnalis\u00e9es<\/b> et <b>uniques<\/b>.<\/p>\n\t\t\t<\/div>\n<div class=\"col1-3 w50-1000 padding\">\n\t\t\t\t<h3 class=\"maj\">3 &#8211; Programmation efficace<\/h3>\n\t\t\t\t<br>\n\t\t\t\t<p>Nous r\u00e9alisons une <b>programmation<\/b> en parfaite ad\u00e9quation avec les <b>standards du web<\/b>. Gr\u00e2ce \u00e0 ce <b>choix technologique<\/b>, nous rendons votre site <b>durablement stable et s\u00e9curis\u00e9<\/b> sur internet.<\/p>\n\t\t\t<\/div>\n<div class=\"col1-3 w50-1000 padding\">\n\t\t\t\t<h3 class=\"maj\">4 &#8211; Suivi et accompagnement<\/h3>\n\t\t\t\t<br>\n\t\t\t\t<p>En tant que prestataires de service, les mots \u00ab <b>suivi<\/b> \u00bb et \u00ab <b>accompagnement<\/b> \u00bb rev\u00eatent \u00e0 nos yeux une importance <b>primordiale<\/b>. Nous vous apportons <b>service<\/b> et <b>conseil<\/b> en phase de <b>conception<\/b> mais aussi sur le <b>long terme<\/b>.<\/p>\n\t\t\t<\/div>\n<div class=\"col1-3 w50-1000 padding\">\n\t\t\t\t<h3 class=\"maj\">5 &#8211; R\u00e9f\u00e9rencement naturel performant<\/h3>\n\t\t\t\t<br>\n\t\t\t\t<p><b>SEO<\/b> (search Engine Optimisation), <b>e-marketing<\/b>, <b>Ads<\/b>, nous mettons notre <b>savoir-faire<\/b> \u00e0 votre disposition pour que votre site soit <b>remarquable, utile, rentable<\/b>.<\/p>\n\t\t\t<\/div>\n<div class=\"col1-3 w50-1000 padding\">\n\t\t\t\t<h3 class=\"maj\">6 &#8211; Marketing digital<\/h3>\n\t\t\t\t<br>\n\t\t\t\t<p>Vous souhaitez <b>faire conna\u00eetre<\/b> vos <b>produits<\/b> ou votre <b>savoir-faire<\/b>, nous vous proposons la r\u00e9alisation de <b>campagnes marketing<\/b> (Social Media Advertising) adapt\u00e9es \u00e0 votre activit\u00e9 : <b>Google et Facebook Ads<\/b> mais aussi <b>Google Shopping<\/b>, <b>e-mailing<\/b> etc.<\/p>\n\t\t\t<\/div>\n\t\t<\/div>\n\t<\/div>\n<\/section>\n\n<section class=\"section bg_bleu\">\n\t<div class=\"mypage\">\n\t\t<div class=\"col margin_auto padding\">\n\t\t\t<h1>Maintenance, domaine et h\u00e9bergement<\/h1>\n\t\t\t<div class=\"col1-3 w50-1000\">\n\t\t\t\t<p class=\"chapo\">Une fois la <b>mise en production<\/b> effectu\u00e9e, nous assurons une <b>maintenance technique<\/b> sur votre site pendant toute sa dur\u00e9e de vie. Nous restons <b>disponibles et joignables<\/b> pour toute \u00e9volution qui vous permettra de rester fier de votre communication.<\/p>\n\t\t\t<\/div>\n\t\t<\/div>\n\t\t<div class=\"clear\"><\/div>\n<div class=\"fondu_top col1-4 w50-1000 align_center padding transition0\">\n\t\t\t<i class=\"fas fa-keyboard fa-3x padding\"><\/i>\n\t\t\t<h2 class=\"like_h3_red maj\">Nom de domaine<\/h2>\n\t\t\t<p>Nous r\u00e9servons pour vous les domaines dont vous avez besoin. Vous en \u00eates propri\u00e9taire. Nous cr\u00e9ons les comptes de messagerie associ\u00e9s.<\/p>\n\t\t<\/div>\n<div class=\"fondu_top col1-4 w50-1000 align_center padding transition1\">\n\t\t\t<i class=\"fas fa-server fa-3x padding\"><\/i>\n\t\t\t<h2 class=\"like_h3_red maj\">H\u00e9bergement<\/h2>\n\t\t\t<p>Serveur mutualis\u00e9 ou d\u00e9di\u00e9, nous installons votre site sur un serveur adapt\u00e9s aux ressources dont il a besoin.<\/p>\n\t\t<\/div>\n<div class=\"clear-50\"><\/div>\n\t\t<div class=\"fondu_top col1-4 w50-1000 align_center padding transition2\">\n\t\t\t<i class=\"fas fa-headset fa-3x padding\"><\/i>\n\t\t\t<h2 class=\"like_h3_red maj\">Maintenance site<\/h2>\n\t\t\t<p>Hotline pour une maintenance sur votre site et \u00e0 votre demande. Monitoring sur les serveurs pour des interventions rapides en cas d&rsquo;incident.<\/p>\n\t\t<\/div>\n\t<div class=\"fondu_top col1-4 w50-1000 align_center padding transition3\">\n\t\t\t<i class=\"fas fa-wrench fa-3x padding\"><\/i>\n\t\t\t<h2 class=\"like_h3_red maj\">Conseil<\/h2>\n\t\t\t<p>Nous sommes disponibles pour nos clients pour tout conseil relatif, de pr\u00e8s ou de loin, \u00e0 la communication de votre entreprise.<\/p>\n\t\t<\/div>\n\t\t<div class=\"clear\"><\/div>\n\t<\/div>\n<\/section>\n<script>\n$( document ).ready(function() {\n   $('body.page-id-190').find('header .site-logo img').attr('src', 'https:\/\/wordpress.clerc-et-net.com\/wp-content\/uploads\/2021\/04\/logo-clerc-et-net.png');\n});\n<\/script>\n","protected":false},"excerpt":{"rendered":"<p>Nos prestations Nous r\u00e9alisons des sites adapt\u00e9s \u00e0 la demande.Les maquettes et la navigation de votre site serons personnalis\u00e9es pour que vous puissiez vous approprier votre site internet. Site One Page Un site vitrine simple et direct pour pr\u00e9senter votre entreprise. Une page web unique pour pr\u00e9senter votre entreprise, votre service, votre image. Public concern\u00e9&nbsp;:&hellip;&nbsp;<a href=\"https:\/\/wordpress.clerc-et-net.com\/index.php\/prestations\/\" class=\"\" rel=\"bookmark\">Lire la suite &raquo;<span class=\"screen-reader-text\">Prestations<\/span><\/a><\/p>\n","protected":false},"author":1,"featured_media":0,"parent":0,"menu_order":0,"comment_status":"closed","ping_status":"closed","template":"","meta":{"neve_meta_sidebar":"full-width","neve_meta_container":"full-width","neve_meta_enable_content_width":"off","neve_meta_content_width":65,"neve_meta_title_alignment":"","neve_meta_author_avatar":"","neve_post_elements_order":"","neve_meta_disable_header":"","neve_meta_disable_footer":"","neve_meta_disable_title":"","_ti_tpc_template_sync":false,"_ti_tpc_template_id":""},"categories":[],"_links":{"self":[{"href":"https:\/\/wordpress.clerc-et-net.com\/index.php\/wp-json\/wp\/v2\/pages\/190"}],"collection":[{"href":"https:\/\/wordpress.clerc-et-net.com\/index.php\/wp-json\/wp\/v2\/pages"}],"about":[{"href":"https:\/\/wordpress.clerc-et-net.com\/index.php\/wp-json\/wp\/v2\/types\/page"}],"author":[{"embeddable":true,"href":"https:\/\/wordpress.clerc-et-net.com\/index.php\/wp-json\/wp\/v2\/users\/1"}],"replies":[{"embeddable":true,"href":"https:\/\/wordpress.clerc-et-net.com\/index.php\/wp-json\/wp\/v2\/comments?post=190"}],"version-history":[{"count":29,"href":"https:\/\/wordpress.clerc-et-net.com\/index.php\/wp-json\/wp\/v2\/pages\/190\/revisions"}],"predecessor-version":[{"id":475,"href":"https:\/\/wordpress.clerc-et-net.com\/index.php\/wp-json\/wp\/v2\/pages\/190\/revisions\/475"}],"wp:attachment":[{"href":"https:\/\/wordpress.clerc-et-net.com\/index.php\/wp-json\/wp\/v2\/media?parent=190"}],"wp:term":[{"taxonomy":"categories","embeddable":true,"href":"https:\/\/wordpress.clerc-et-net.com\/index.php\/wp-json\/wp\/v2\/categories?post=190"}],"curies":[{"name":"wp","href":"https:\/\/api.w.org\/{rel}","templated":true}]}}