
	{"id":6,"date":"2021-03-30T14:46:28","date_gmt":"2021-03-30T12:46:28","guid":{"rendered":"https:\/\/wordpress.clerc-et-net.com\/?page_id=6"},"modified":"2021-06-03T15:33:17","modified_gmt":"2021-06-03T13:33:17","slug":"accueil","status":"publish","type":"page","link":"https:\/\/wordpress.clerc-et-net.com\/","title":{"rendered":"Accueil"},"content":{"rendered":"\n<div class=\"alignfull\"><div id=\"metaslider-id-42\" style=\"width: 100%;\" class=\"ml-slider-3-20-3 metaslider metaslider-flex metaslider-42 ml-slider\">\n    <div id=\"metaslider_container_42\">\n        <div id=\"metaslider_42\">\n            <ul aria-live=\"polite\" class=\"slides\">\n                <li style=\"display: block; width: 100%;\" class=\"slide-47 ms-image\"><img width=\"2000\" height=\"1022\" src=\"https:\/\/wordpress.clerc-et-net.com\/wp-content\/uploads\/2021\/03\/boeuf.jpg\" class=\"slider-42 slide-47\" alt=\"\" loading=\"lazy\" rel=\"\" title=\"boeuf\" srcset=\"https:\/\/wordpress.clerc-et-net.com\/wp-content\/uploads\/2021\/03\/boeuf.jpg 2000w, https:\/\/wordpress.clerc-et-net.com\/wp-content\/uploads\/2021\/03\/boeuf-300x153.jpg 300w, https:\/\/wordpress.clerc-et-net.com\/wp-content\/uploads\/2021\/03\/boeuf-1024x523.jpg 1024w, https:\/\/wordpress.clerc-et-net.com\/wp-content\/uploads\/2021\/03\/boeuf-768x392.jpg 768w, https:\/\/wordpress.clerc-et-net.com\/wp-content\/uploads\/2021\/03\/boeuf-1536x785.jpg 1536w\" sizes=\"(max-width: 2000px) 100vw, 2000px\" \/><\/li>\n                <li style=\"display: none; width: 100%;\" class=\"slide-48 ms-image\"><img width=\"2000\" height=\"1011\" src=\"https:\/\/wordpress.clerc-et-net.com\/wp-content\/uploads\/2021\/03\/agraf.jpg\" class=\"slider-42 slide-48\" alt=\"\" loading=\"lazy\" rel=\"\" title=\"agraf\" srcset=\"https:\/\/wordpress.clerc-et-net.com\/wp-content\/uploads\/2021\/03\/agraf.jpg 2000w, https:\/\/wordpress.clerc-et-net.com\/wp-content\/uploads\/2021\/03\/agraf-300x152.jpg 300w, https:\/\/wordpress.clerc-et-net.com\/wp-content\/uploads\/2021\/03\/agraf-1024x518.jpg 1024w, https:\/\/wordpress.clerc-et-net.com\/wp-content\/uploads\/2021\/03\/agraf-768x388.jpg 768w, https:\/\/wordpress.clerc-et-net.com\/wp-content\/uploads\/2021\/03\/agraf-1536x776.jpg 1536w\" sizes=\"(max-width: 2000px) 100vw, 2000px\" \/><div class=\"caption-wrap\"><div class=\"caption\">qasasasas<\/div><\/div><\/li>\n                <li style=\"display: none; width: 100%;\" class=\"slide-49 ms-image\"><img width=\"2000\" height=\"983\" src=\"https:\/\/wordpress.clerc-et-net.com\/wp-content\/uploads\/2021\/03\/bimont.jpg\" class=\"slider-42 slide-49\" alt=\"\" loading=\"lazy\" rel=\"\" title=\"bimont\" srcset=\"https:\/\/wordpress.clerc-et-net.com\/wp-content\/uploads\/2021\/03\/bimont.jpg 2000w, https:\/\/wordpress.clerc-et-net.com\/wp-content\/uploads\/2021\/03\/bimont-300x147.jpg 300w, https:\/\/wordpress.clerc-et-net.com\/wp-content\/uploads\/2021\/03\/bimont-1024x503.jpg 1024w, https:\/\/wordpress.clerc-et-net.com\/wp-content\/uploads\/2021\/03\/bimont-768x377.jpg 768w, https:\/\/wordpress.clerc-et-net.com\/wp-content\/uploads\/2021\/03\/bimont-1536x755.jpg 1536w\" sizes=\"(max-width: 2000px) 100vw, 2000px\" \/><\/li>\n            <\/ul>\n        <\/div>\n        \n    <\/div>\n<\/div><\/div>\n\n\n\n<div class=\"wp-block-columns\">\n<div class=\"wp-block-column\">\n<main id=\"bloc_realisation\" class=\"bg_blanc\">\n\t\t\t<section class=\"section triangles_container\">\n\t\t\t\t<div class=\"accueil_triangles\"><\/div>\n\t\t\t\t<div class=\"mypage\">\n\t\t\t\t\t<div class=\"accueil_agence col padding\">\n\t\t\t\t\t\t<h1>L&rsquo;agence<\/h1>\n\t\t\t\t\t\t<div class=\"col1-3 w50-1000\">\n\t\t\t\t\t\t\t<p class=\"chapo\"><b>Adapter l&rsquo;outil au client et non<br> l&rsquo;inverse<\/b><br>\nClerc et Net <b>con\u00e7oit et r\u00e9alise<\/b> <b>des sites internet<\/b> de qualit\u00e9 et personnalis\u00e9s et d\u00e9veloppe des <b>applications web<\/b> depuis 2002. \nL&rsquo;agence est situ\u00e9e sur la ZA Fontgrave \u00e0 Montboucher sur Jabron pr\u00e8s de <b>Mont\u00e9limar<\/b> dans la Dr\u00f4me.<\/p>\n\t\t\t\t\t\t<\/div>\n\t\t\t\t\t<\/div>\n<div class=\"clear\"><\/div>\n\t\t\t\t\t<div id=\"numbers\" class=\"flexParent\">\n\t\t\t\t\t\t<div class=\"number padding col1-3 w50-1000\">\n\t\t\t\t\t\t\t<p>De la cr\u00e9ation <b>graphique et ergonomique<\/b> \u00e0 la <b>programmation<\/b>, nous g\u00e9rons votre projet de A \u00e0 Z.<br>Nous r\u00e9alisons des <b>audits de performance SEO<\/b>. Nous g\u00e9rons \u00e9galement vos <b>campagnes marketing Facebook et Google Ads<\/b>. <\/p>\n\t\t\t\t\t\t<\/div>\n\t\t\t\t\t\t<div class=\"clear\"><\/div>\n\t\t\t\t\t\t<div class=\"number padding col1-3 w50-1000\">\n\t\t\t\t\t\t\t<p>Nos prestations sont vari\u00e9es afin de r\u00e9pondre correctement \u00e0 tous les besoins&nbsp;: <strong>sites vitrines, one-page, applications web, boutiques de e-commerce, marking digital et SEO<\/strong>&#8230;<\/p>\n\t\t\t\t\t\t<\/div>\n\t\t\t\t\t\t<div class=\"clear\"><\/div>\n\t\t\t\t\t\t<div class=\"number padding col1-3 w50-1000\" style=\"float : none; margin : 0 auto\">\n\t\t\t\t\t\t\t<p> Guid\u00e9s par notre curiosit\u00e9 et notre amour des images, <strong>nous inventons pour nos clients des solutions sur-mesure, adapt\u00e9es \u00e0 leur probl\u00e9matique<\/strong>. Pas plus. Pas moins.<\/p>\n\t\t\t\t\t\t<\/div>\n\t\t\t\t\t<\/div><\/div><\/section>\n<section class=\"section\">\n\t\t\t\t<div class=\"mypage\">\n\t\t\t\t\t<div class=\"col padding\">\n\t\t\t\t\t\t<h1>nos derni\u00e8res mises en ligne<\/h1>\n\t\n<\/div>\n\t<\/div>\n\t\t\t\t\t<div class=\"clear\"><\/div>\n<div class=\"col\">\n\t\t\t\t\t\t<div id=\"grids\" style=\"position: relative;height: 2176.76px;\">\n\t\t\t\t\t\t\t<div class=\"grid-sizer\" style=\"width: 50%\"><\/div>\n\t\t\t\t\t\n\t\t<div class=\"grid col1-2 padding\" style=\"padding-top: 170px; position: absolute; left: 0px; top: 0px;\">\n\t<div class=\"uneRealisation parallax_div fade\">\n        <a class=\"realisation_lien\" href=\"#\" title=\"Hydro Group\">\n\t\t\t\t\t\t\t\t\t\t\t<img class=\"img_100 margin_auto\" src=\"https:\/\/wordpress.clerc-et-net.com\/wp-content\/uploads\/2021\/04\/capture-d-e-cran-2021-01-19-a-18-58-58.md_.png\" title=\"Hydro Group\" alt=\"Hydro Group\">\n\t\t\t\t<\/a>\n\t\t\t\t<br>\n\t\t\t<h2 class=\"maj\">Hydro Group<\/h2>\n\t\t\t<h3>Site vitrine<\/h3>\n<a class=\"btn_defaut float_right\" href=\"#\"><span>Voir le projet<\/span><\/a>\n\t\t\t\t\t\t\t\t\t<\/div>\n\t\t\t\t\t\t\t\t<\/div>\n\t\t\t\t\t<div class=\"clear\"><\/div>\n<div class=\"col\">\n\t\t\t\t\t\n\t\t<div class=\"grid col1-2 padding\" style=\"padding-top: 0px;position: absolute;left: 600px;top: 0px;\">\n\t<div class=\"uneRealisation parallax_div fade\" style=\"margin-top: -140px;\">\n        <a class=\"realisation_lien\" href=\"#\" title=\"Hydro Group\">\n\t\t\t\t\t\t\t\t\t\t\t<img class=\"img_100 margin_auto\" src=\"https:\/\/wordpress.clerc-et-net.com\/wp-content\/uploads\/2021\/04\/capture-d-e-cran-2021-01-14-a-15-28-16.md_.png\" title=\"Hydro Group\" alt=\"Hydro Group\">\n\t\t\t\t<\/a>\n\t\t\t\t<br>\n\t\t\t<h2 class=\"maj\">Maison Anne Pauline<\/h2>\n\t\t\t<h3>E-commerce<\/h3>\n<a class=\"btn_defaut float_right\" href=\"#\"><span>Voir le projet<\/span><\/a>\n\t\t\t\t\t\t<\/div>\n\t\t\t\t\t<\/div>\n\t\t\t\t\t<div class=\"clear\"><\/div>\n\n\n<div class=\"grid col1-2 padding\" style=\"padding-top: 130px;position: absolute;left: 0px;top: 835px;\">\n\t<div class=\"uneRealisation parallax_div fade\" style=\"margin-top: -140px;\">\n        <a class=\"realisation_lien\" href=\"#\" title=\"Hydro Group\">\n\t\t\t\t\t\t\t\t\t\t\t<img class=\"img_100 margin_auto\" src=\"https:\/\/wordpress.clerc-et-net.com\/wp-content\/uploads\/2021\/04\/capture-d-e-cran-2021-01-13-a-17-53-09.md_.png\" title=\"Hydro Group\" alt=\"Hydro Group\">\n\t\t\t\t<\/a>\n\t\t\t\t<br>\n\t\t\t<h2 class=\"maj\">David&amp;David Studio <\/h2>\n\t\t\t<h3>E-commerce<\/h3>\n<a class=\"btn_defaut float_right\" href=\"#\"><span>Voir le projet<\/span><\/a>\n\t\t\t\t\t\t\t\t\t<\/div>\n\t\t\t\t\t\t\t\t<\/div>\n\t\t\t\t\t<div class=\"clear\"><\/div>\n\n<div class=\"grid col1-2 padding\" style=\"padding-top: 0px; position: absolute; left: 600px; top: 511px;\">\n\t<div class=\"uneRealisation parallax_div fade\" style=\"margin-top: -140px;\">\n        <a class=\"realisation_lien\" href=\"#\" title=\"Hydro Group\">\n\t\t\t\t\t\t\t\t\t\t\t<img class=\"img_100 margin_auto\" src=\"https:\/\/wordpress.clerc-et-net.com\/wp-content\/uploads\/2021\/04\/trattoria001.md_.jpg\" title=\"Hydro Group\" alt=\"Hydro Group\">\n\t\t\t\t<\/a>\n\t\t\t\t<br>\n\t\t\t<h2 class=\"maj\">Trattoria del Sole<\/h2>\n\t\t\t<h3>One Page<\/h3>\n<a class=\"btn_defaut float_right\" href=\"#\"><span>Voir le projet<\/span><\/a>\n\t\t\t\t\t\t\t\t\t<\/div>\n\t\t\t\t\t\t\t\t<\/div>\n\t\t\t\t\t<div class=\"clear\"><\/div>\n\n<div class=\"grid col1-2 padding\" style=\"padding-top: 300px; position: absolute; left: 0px; top: 1297px;\">\n\t<div class=\"uneRealisation parallax_div fade\" style=\"margin-top: -140px;\">\n        <a class=\"realisation_lien\" href=\"#\" title=\"Hydro Group\">\n\t\t\t\t\t\t\t\t\t\t\t<img class=\"img_100 margin_auto\" src=\"https:\/\/wordpress.clerc-et-net.com\/wp-content\/uploads\/2021\/06\/100sushis-logo-01.up_.png\" title=\"Hydro Group\" alt=\"Hydro Group\">\n\t\t\t\t<\/a>\n\t\t\t\t<br>\n\t\t\t<h2 class=\"maj\">100 Sushis<\/h2>\n\t\t\t<h3>E-commerce<\/h3>\n<a class=\"btn_defaut float_right\" href=\"#\"><span>Voir le projet<\/span><\/a>\n\t\t\t\t\t\t\t\t\t<\/div>\n\t\t\t\t\t\t\t\t<\/div>\n\t\t\t\t\t<div class=\"clear\"><\/div>\n<\/div>\n<\/div>\n<\/div>\n<\/section>\n\n<\/main>\n<script type=\"text\/javascript\">\n\t\t\tvar CN_eventDocReady = [];\n\t\t\tfunction cn_onDocReady(f) {if(typeof f == 'function') return CN_eventDocReady.push(f);}\n\t\t<\/script>\n<script type=\"text\/javascript\">\n\t\t    \/\/<![CDATA[\n\t\t            cn_onDocReady(function(){\n\n\t\t            \tfunction startAnim() {\n\t\t            \t\t$('body#neve_body').addClass('open');\n\t\t            \t}\n\t\t                \n\t\t            \tvar container = document.querySelector('#grids');\n\t\t                \n\t\t                imagesLoaded( container, function() {\n\t\t                    msnry = new Masonry( container, {\n\t\t                        itemSelector: '.grid',\n\t\t                        columnWidth: container.querySelector('.grid-sizer'),\n\t\t                        isAnimated: true,\n\t\t                        animationOptions: {\n\t\t                            duration: 750,\n\t\t                            easing: 'linear',\n\t\t                            queue: false\n\t\t                        }\n\t\t                    });\n\t\t                 \n\t\t                });\n\n\t\t                \/\/suppression animation accueil\n\t\t                const delai = 0;\/\/ms\n\n\t\t\t            let c1 = document.cookie\n\t\t\t                .split('; ')\n\t\t\t                .find(row => row.startsWith('dejavisite'));\n\n\t\t\t            let dejavisite = c1 ? c1.split('=')[1] : false;\n\n\t\t\t            if(!dejavisite) {\n\t\t\t                let time = new Date().getTime();\n\n\t\t\t                let c2 = document.cookie\n\t\t\t                    .split('; ')\n\t\t\t                    .find(row => row.startsWith('debut'));\n\n\t\t\t                let debut = c2 ? parseInt(c2.split('=')[1]) : null;\n\n\t\t\t                if(debut === null) {\n\t\t\t                    document.cookie = 'dejavisite=true; debut=' + time + '; path=\/; domain=wordpress.clerc-et-net.com;';\n\t\t\t                    setTimeout(startAnim, delai);\n\t\t\t                } else {\n\t\t\t                    let diff = time - debut;\n\t\t\t                    setTimeout( startAnim, (diff >= delai ? 0 : (delai - diff)));\n\t\t\t                }\n\t\t\t            }\n\t\t                      \n\t\t            });\n\t\t        \/\/]]>\n\t\t<\/script>\n<\/div>\n<\/div>\n\n\n\n<div class=\"wp-block-columns\"><\/div>\n","protected":false},"excerpt":{"rendered":"<p>L&rsquo;agence Adapter l&rsquo;outil au client et non l&rsquo;inverse Clerc et Net con\u00e7oit et r\u00e9alise des sites internet de qualit\u00e9 et personnalis\u00e9s et d\u00e9veloppe des applications web depuis 2002. L&rsquo;agence est situ\u00e9e sur la ZA Fontgrave \u00e0 Montboucher sur Jabron pr\u00e8s de Mont\u00e9limar dans la Dr\u00f4me. De la cr\u00e9ation graphique et ergonomique \u00e0 la programmation, nous&hellip;&nbsp;<a href=\"https:\/\/wordpress.clerc-et-net.com\/\" class=\"\" rel=\"bookmark\">Lire la suite &raquo;<span class=\"screen-reader-text\">Accueil<\/span><\/a><\/p>\n","protected":false},"author":1,"featured_media":0,"parent":0,"menu_order":0,"comment_status":"closed","ping_status":"closed","template":"","meta":{"neve_meta_sidebar":"","neve_meta_container":"full-width","neve_meta_enable_content_width":"on","neve_meta_content_width":90,"neve_meta_title_alignment":"","neve_meta_author_avatar":"","neve_post_elements_order":"","neve_meta_disable_header":"","neve_meta_disable_footer":"","neve_meta_disable_title":"","_ti_tpc_template_sync":false,"_ti_tpc_template_id":""},"categories":[6],"_links":{"self":[{"href":"https:\/\/wordpress.clerc-et-net.com\/index.php\/wp-json\/wp\/v2\/pages\/6"}],"collection":[{"href":"https:\/\/wordpress.clerc-et-net.com\/index.php\/wp-json\/wp\/v2\/pages"}],"about":[{"href":"https:\/\/wordpress.clerc-et-net.com\/index.php\/wp-json\/wp\/v2\/types\/page"}],"author":[{"embeddable":true,"href":"https:\/\/wordpress.clerc-et-net.com\/index.php\/wp-json\/wp\/v2\/users\/1"}],"replies":[{"embeddable":true,"href":"https:\/\/wordpress.clerc-et-net.com\/index.php\/wp-json\/wp\/v2\/comments?post=6"}],"version-history":[{"count":158,"href":"https:\/\/wordpress.clerc-et-net.com\/index.php\/wp-json\/wp\/v2\/pages\/6\/revisions"}],"predecessor-version":[{"id":562,"href":"https:\/\/wordpress.clerc-et-net.com\/index.php\/wp-json\/wp\/v2\/pages\/6\/revisions\/562"}],"wp:attachment":[{"href":"https:\/\/wordpress.clerc-et-net.com\/index.php\/wp-json\/wp\/v2\/media?parent=6"}],"wp:term":[{"taxonomy":"categories","embeddable":true,"href":"https:\/\/wordpress.clerc-et-net.com\/index.php\/wp-json\/wp\/v2\/categories?post=6"}],"curies":[{"name":"wp","href":"https:\/\/api.w.org\/{rel}","templated":true}]}}